{"id":1204,"date":"2016-11-24T12:45:52","date_gmt":"2016-11-24T12:45:52","guid":{"rendered":"https:\/\/www.hoteldarboven.pl\/home-page\/"},"modified":"2020-05-08T22:40:15","modified_gmt":"2020-05-08T20:40:15","slug":"home-page","status":"publish","type":"page","link":"https:\/\/www.hoteldarboven.pl\/de\/","title":{"rendered":"Hotel"},"content":{"rendered":"<p><section class=\"ffb-id-hddsail fg-section fg-el-has-bg fg-text-dark\"><span class=\"fg-bg\"><span data-fg-bg=\"{&quot;type&quot;:&quot;parallax&quot;,&quot;url&quot;:&quot;https:\\\/\\\/www.hoteldarboven.pl\\\/wp-content\\\/uploads\\\/2020\\\/05\\\/home_bg2.jpg&quot;,&quot;opacity&quot;:&quot;1&quot;,&quot;width&quot;:&quot;1920&quot;,&quot;height&quot;:&quot;1280&quot;,&quot;speed&quot;:&quot;50&quot;,&quot;size&quot;:&quot;cover&quot;,&quot;offset_h&quot;:&quot;50&quot;,&quot;offset_v&quot;:&quot;50&quot;}\" class=\"fg-bg-layer fg-bg-type-parallax \" style=\"opacity: 1; background-image: url(&quot;https:\/\/www.hoteldarboven.pl\/wp-content\/uploads\/2020\/05\/home_bg2.jpg&quot;);\"><\/span><\/span><div class=\"fg-container container fg-container-large fg-container-lvl--1 \"><div class=\"fg-row row    fg-row-match-cols\"  data-fg-match-cols=\"{&quot;1&quot;:&quot;1&quot;,&quot;2&quot;:&quot;1&quot;,&quot;3&quot;:&quot;1&quot;,&quot;4&quot;:&quot;1&quot;}\" ><div class=\"ffb-id-hddsaim fg-col col-xs-12 col-lg-10 col-lg-offset-1 fg-temp-height fg-text-dark\" data-fg-force-min-height=\"{&quot;breakpoint_1&quot;:{&quot;height&quot;:&quot;50&quot;,&quot;offset&quot;:&quot;&quot;},&quot;breakpoint_2&quot;:{&quot;height&quot;:&quot;100&quot;,&quot;offset&quot;:&quot;&quot;},&quot;breakpoint_3&quot;:{&quot;height&quot;:&quot;100&quot;,&quot;offset&quot;:&quot;&quot;},&quot;breakpoint_4&quot;:{&quot;height&quot;:&quot;100&quot;,&quot;offset&quot;:&quot;&quot;}}\"><div class=\"fg-vcenter-wrapper\"><div class=\"fg-vcenter\"><div class=\"fg-match-column-inside-wrapper\"><section class=\"ffb-id-hde20j7 promo-block-v11 text-center fg-text-dark\"><h2 class=\"promo-block-v11-title fg-text-dark ffb-title-1\">KOMMEN SIE AN UND LERNEN SIE UNSERE WELT KENNEN<\/h2><\/section><\/div><\/div><\/div><\/div><\/div><\/div><\/section><style>@media (max-width:767px) {  .ffb-id-hddsaim.fg-temp-height{ height:50vh;}}@media (min-width:768px) and (max-width:991px) {  .ffb-id-hddsaim.fg-temp-height{ height:100vh;}}@media (min-width:992px) and (max-width:1199px) {  .ffb-id-hddsaim.fg-temp-height{ height:100vh;}}@media (min-width:1200px) {  .ffb-id-hddsaim.fg-temp-height{ height:100vh;}}.ffb-id-hde20j7 .ffb-title-1{ font-family: 'Montserrat', Arial, sans-serif !important;text-transform: uppercase !important;}.ffb-id-hde20j7 .ffb-title-1:before,.ffb-id-hde20j7 .ffb-title-1:after,.ffb-id-hde20j7 .ffb-title-1:hover,.ffb-id-hde20j7 .ffb-title-1:focus,.ffb-id-hde20j7 .ffb-title-1 *,.ffb-id-hde20j7 .ffb-title-1 *:before,.ffb-id-hde20j7 .ffb-title-1 *:after,.ffb-id-hde20j7 .ffb-title-1 *:hover,.ffb-id-hde20j7 .ffb-title-1 *:focus{ font-family: 'Montserrat', Arial, sans-serif !important;text-transform: uppercase !important;}@media (min-width:768px) { .ffb-id-hde20j7 .ffb-title-1{ font-weight: bold !important;}}@media (min-width:768px) { .ffb-id-hde20j7 .ffb-title-1 ,.ffb-id-hde20j7 .ffb-title-1:before,.ffb-id-hde20j7 .ffb-title-1:after,.ffb-id-hde20j7 .ffb-title-1:hover,.ffb-id-hde20j7 .ffb-title-1:focus,.ffb-id-hde20j7 .ffb-title-1 *,.ffb-id-hde20j7 .ffb-title-1 *:before,.ffb-id-hde20j7 .ffb-title-1 *:after,.ffb-id-hde20j7 .ffb-title-1 *:hover,.ffb-id-hde20j7 .ffb-title-1 *:focus{ font-weight: bold !important;}}@media (min-width:992px) { .ffb-id-hde20j7 .ffb-title-1{ font-size: 80px !important;}}@media (min-width:992px) { .ffb-id-hde20j7 .ffb-title-1 ,.ffb-id-hde20j7 .ffb-title-1:before,.ffb-id-hde20j7 .ffb-title-1:after,.ffb-id-hde20j7 .ffb-title-1:hover,.ffb-id-hde20j7 .ffb-title-1:focus,.ffb-id-hde20j7 .ffb-title-1 *,.ffb-id-hde20j7 .ffb-title-1 *:before,.ffb-id-hde20j7 .ffb-title-1 *:after,.ffb-id-hde20j7 .ffb-title-1 *:hover,.ffb-id-hde20j7 .ffb-title-1 *:focus{ font-size: 80px !important;}}.ffb-id-hde20j7 ,.ffb-id-hde20j7:before,.ffb-id-hde20j7:after,.ffb-id-hde20j7 *,.ffb-id-hde20j7 *:before,.ffb-id-hde20j7 *:after{ color: #a48149 !important;}<\/style><script type=\"text\/javascript\"><\/script><section class=\"ffb-id-3n4ecdl9 fg-section fg-el-has-bg fg-text-dark\"><span class=\"fg-bg\"><span data-fg-bg=\"{&quot;type&quot;:&quot;image&quot;,&quot;opacity&quot;:&quot;1&quot;,&quot;url&quot;:&quot;https:\\\/\\\/www.hoteldarboven.pl\\\/wp-content\\\/uploads\\\/2020\\\/01\\\/hotel_bg-scaled.jpg&quot;,&quot;size&quot;:&quot;cover&quot;,&quot;repeat&quot;:&quot;no-repeat&quot;,&quot;attachment&quot;:&quot;scroll&quot;,&quot;position&quot;:&quot;center center&quot;}\" class=\"fg-bg-layer fg-bg-type-image \" style=\"opacity: 1; background-image: url(&quot;https:\/\/www.hoteldarboven.pl\/wp-content\/uploads\/2020\/01\/hotel_bg-scaled.jpg&quot;); background-repeat: no-repeat; background-attachment: scroll; background-position: center center; background-size: cover;\"><\/span><span data-fg-bg=\"{&quot;type&quot;:&quot;parallax&quot;,&quot;url&quot;:&quot;https:\\\/\\\/www.hoteldarboven.pl\\\/wp-content\\\/uploads\\\/2020\\\/01\\\/hotel_bg-scaled.jpg&quot;,&quot;opacity&quot;:&quot;1&quot;,&quot;width&quot;:&quot;2560&quot;,&quot;height&quot;:&quot;1707&quot;,&quot;speed&quot;:&quot;50&quot;,&quot;size&quot;:&quot;cover&quot;,&quot;offset_h&quot;:&quot;50&quot;,&quot;offset_v&quot;:&quot;50&quot;}\" class=\"fg-bg-layer fg-bg-type-parallax \" style=\"opacity: 1; background-image: url(&quot;https:\/\/www.hoteldarboven.pl\/wp-content\/uploads\/2020\/01\/hotel_bg-scaled.jpg&quot;);\"><\/span><\/span><div class=\"fg-container container fg-container-large fg-container-lvl--1 \"><div class=\"fg-row row    fg-row-match-cols\"  data-fg-match-cols=\"{&quot;1&quot;:&quot;1&quot;,&quot;2&quot;:&quot;1&quot;,&quot;3&quot;:&quot;1&quot;,&quot;4&quot;:&quot;1&quot;}\" ><div class=\"ffb-id-3n4ecdla fg-col col-xs-12 col-md-8 col-md-offset-2 fg-el-has-bg fg-text-dark\"><span class=\"fg-bg\"><span data-fg-bg=\"{&quot;type&quot;:&quot;color&quot;,&quot;opacity&quot;:&quot;0.61&quot;,&quot;color&quot;:&quot;#ffffff&quot;}\" class=\"fg-bg-layer fg-bg-type-color \" style=\"opacity: 0.61; background-color: #ffffff;\"><\/span><\/span><div class=\"fg-match-column-inside-wrapper\"><img decoding=\"async\" class=\"ffb-id-3n9nmdgq fg-image  img-responsive fg-text-dark\" src=\"https:\/\/www.hoteldarboven.pl\/wp-content\/uploads\/freshizer\/210e3042b574cde95cb85eb570fc2745_Logo_Hotel_zlote-265-c-100.png\" alt=\"Hotel J.J. Daroben Rumia\" title=\"\"><p class=\"ffb-id-3n4lcdoe fg-paragraph text-left    fg-text-dark\"><\/p>\n<p>Wir laden Sie herzlich ein, unser Hotel J.J. Darboven zu besuchen, wo wir Sie mit leckerem Kaffee, einem \u00fcppigem Fr\u00fchst\u00fcck und einem Blick auf einen Paddock voller Pferde mit gro\u00dfartigen Fellfarben bewirten. Unabh\u00e4ngig davon, ob Sie in Rahmel auf der Durchreise sind, oder ob Sie hier etwas l\u00e4nger anhalten m\u00f6chten \u2013 der Aufenthalt bei uns wird mit Momenten voller Komfort und Entspannung gef\u00fcllt sein.<\/p>\n<p>Wir stellen Ihnen eines von 10 komfortabel eingerichteten Zimmern zur Verf\u00fcgung, einen Fr\u00fchst\u00fccksraum, wo Kaffee direkt von unserem \u201eelektronischen Barista\u201c 24 Stunden am Tag f\u00fcr Sie zug\u00e4nglich ist, sowie auch eine Trockensauna. Direkt vor dem Hotel befindet sich ein Parkplatz f\u00fcr G\u00e4ste.<\/p>\n<p><\/p><\/div><\/div><\/div><\/div><\/section><style>@media (max-width:767px) { \n .ffb-id-hddsaim.fg-temp-height{ \nheight:50vh;\n}\n}@media (min-width:768px) and (max-width:991px) { \n .ffb-id-hddsaim.fg-temp-height{ \nheight:100vh;\n}\n}@media (min-width:992px) and (max-width:1199px) { \n .ffb-id-hddsaim.fg-temp-height{ \nheight:100vh;\n}\n}@media (min-width:1200px) { \n .ffb-id-hddsaim.fg-temp-height{ \nheight:100vh;\n}\n}.ffb-id-hde20j7 .ffb-title-1{ \nfont-family: 'Montserrat', Arial, sans-serif !important;\ntext-transform: uppercase !important;\n}\n.ffb-id-hde20j7 .ffb-title-1:before,\n.ffb-id-hde20j7 .ffb-title-1:after,\n.ffb-id-hde20j7 .ffb-title-1:hover,\n.ffb-id-hde20j7 .ffb-title-1:focus,\n.ffb-id-hde20j7 .ffb-title-1 *,\n.ffb-id-hde20j7 .ffb-title-1 *:before,\n.ffb-id-hde20j7 .ffb-title-1 *:after,\n.ffb-id-hde20j7 .ffb-title-1 *:hover,\n.ffb-id-hde20j7 .ffb-title-1 *:focus{ \nfont-family: 'Montserrat', Arial, sans-serif !important;\ntext-transform: uppercase !important;\n}\n@media (min-width:768px) { \n.ffb-id-hde20j7 .ffb-title-1{ \nfont-weight: bold !important;\n}\n}@media (min-width:768px) { \n.ffb-id-hde20j7 .ffb-title-1 ,\n.ffb-id-hde20j7 .ffb-title-1:before,\n.ffb-id-hde20j7 .ffb-title-1:after,\n.ffb-id-hde20j7 .ffb-title-1:hover,\n.ffb-id-hde20j7 .ffb-title-1:focus,\n.ffb-id-hde20j7 .ffb-title-1 *,\n.ffb-id-hde20j7 .ffb-title-1 *:before,\n.ffb-id-hde20j7 .ffb-title-1 *:after,\n.ffb-id-hde20j7 .ffb-title-1 *:hover,\n.ffb-id-hde20j7 .ffb-title-1 *:focus{ \nfont-weight: bold !important;\n}\n}@media (min-width:992px) { \n.ffb-id-hde20j7 .ffb-title-1{ \nfont-size: 80px !important;\n}\n}@media (min-width:992px) { \n.ffb-id-hde20j7 .ffb-title-1 ,\n.ffb-id-hde20j7 .ffb-title-1:before,\n.ffb-id-hde20j7 .ffb-title-1:after,\n.ffb-id-hde20j7 .ffb-title-1:hover,\n.ffb-id-hde20j7 .ffb-title-1:focus,\n.ffb-id-hde20j7 .ffb-title-1 *,\n.ffb-id-hde20j7 .ffb-title-1 *:before,\n.ffb-id-hde20j7 .ffb-title-1 *:after,\n.ffb-id-hde20j7 .ffb-title-1 *:hover,\n.ffb-id-hde20j7 .ffb-title-1 *:focus{ \nfont-size: 80px !important;\n}\n}.ffb-id-hde20j7 ,\n.ffb-id-hde20j7:before,\n.ffb-id-hde20j7:after,\n.ffb-id-hde20j7 *,\n.ffb-id-hde20j7 *:before,\n.ffb-id-hde20j7 *:after{ \ncolor: #a48149 !important;\n}\n@media (min-width:768px) { .ffb-id-3n4ecdl9{ padding-bottom: 150px;}}@media (min-width:768px) { .ffb-id-3n4ecdla{ margin-top: 75px;margin-bottom: 150px;padding-right: 60px;padding-bottom: 60px;padding-left: 60px;}}.ffb-id-3n4ecdla{ text-align: center !important;}.ffb-id-3n4ecdla ,.ffb-id-3n4ecdla:before,.ffb-id-3n4ecdla:after,.ffb-id-3n4ecdla:hover,.ffb-id-3n4ecdla:focus,.ffb-id-3n4ecdla *,.ffb-id-3n4ecdla *:before,.ffb-id-3n4ecdla *:after,.ffb-id-3n4ecdla *:hover,.ffb-id-3n4ecdla *:focus{ text-align: center !important;}.ffb-id-3n4lcdoe{ text-align: left !important;}.ffb-id-3n4lcdoe ,.ffb-id-3n4lcdoe:before,.ffb-id-3n4lcdoe:after,.ffb-id-3n4lcdoe:hover,.ffb-id-3n4lcdoe:focus,.ffb-id-3n4lcdoe *,.ffb-id-3n4lcdoe *:before,.ffb-id-3n4lcdoe *:after,.ffb-id-3n4lcdoe *:hover,.ffb-id-3n4lcdoe *:focus{ text-align: left !important;}@media (min-width:768px) and (max-width:991px) {  .ffb-id-3n4lcdoe{ column-count: 2; column-gap: 60px;}}@media (min-width:1200px) {  .ffb-id-3n4lcdoe{ column-count: 2; column-gap: 60px;}}.ffb-id-3n9nmdgq{ padding-top: 3rem;padding-bottom: 3rem;}<\/style><script type=\"text\/javascript\"><\/script><section class=\"ffb-id-3n9fpd5a fg-section fg-text-dark\"><div class=\"fg-container container fg-container-large fg-container-lvl--1 \"><div class=\"fg-row row    \" ><div class=\"ffb-id-3n9fpd5b fg-col col-xs-12 col-sm-6 fg-text-dark\"><section class=\"ffb-id-3n9ftm50 icon-box-v4 text-left hotel_service fg-text-dark\" id=\"hotel_sniadania\"><div class=\"icon-box-v4-image hidden-xs fg-text-dark ffb-image-1\"><img decoding=\"async\" class=\"fg-image  img-responsive full-width\" src=\"https:\/\/www.hoteldarboven.pl\/wp-content\/uploads\/2020\/01\/hotel_sniadania_img.jpg\" alt=\"hotel_sniadania_img\" title=\"\"><\/div><h3 class=\"icon-box-v4-body-title fg-text-dark ffb-title-2\">Fr\u00fchst\u00fcck<\/h3><p class=\"icon-box-v4-body-text fg-text-dark ffb-description-3\">Jeden Tag von 06:30 bis 10:30 Uhr laden wir Sie zu einem reichhaltigen Fr\u00fchst\u00fccksbuffet ein. Das Menu ist auf Basis ausschlie\u00dflich frischer Produkte lokaler Lieferanten komponiert. In diesem finden Sie auch k\u00f6stlichen Honig aus unserem Bienenhaus sowie nat\u00fcrlich auch einen aromatischen Kaffee direkt aus dem Kaffeevollautomaten.<\/p><div class=\"icon-box-v4-image hidden-sm hidden-md hidden-lg fg-text-dark ffb-image-4\"><img decoding=\"async\" class=\"fg-image  img-responsive full-width\" src=\"https:\/\/www.hoteldarboven.pl\/wp-content\/uploads\/2020\/01\/hotel_sniadania_img.jpg\" alt=\"hotel_sniadania_img\" title=\"\"><\/div><\/section><\/div><div class=\"ffb-id-3n9fpd5c fg-col col-xs-12 col-sm-6 fg-text-dark\"><section class=\"ffb-id-3n9hmp35 icon-box-v4 text-left hotel_service fg-text-dark\" id=\"hotel_sauna\"><div class=\"icon-box-v4-image hidden-xs fg-text-dark ffb-image-1\"><img decoding=\"async\" class=\"fg-image  img-responsive full-width\" src=\"https:\/\/www.hoteldarboven.pl\/wp-content\/uploads\/2020\/01\/hotel_sauna_img.jpg\" alt=\"hotel_sauna_img\" title=\"\"><\/div><h3 class=\"icon-box-v4-body-title fg-text-dark ffb-title-2\">Sauna<\/h3><p class=\"icon-box-v4-body-text fg-text-dark ffb-description-3\">Nach einem Tag voller Meetings und Eindr\u00fccke laden wir Sie in die Trockensauna ein, wo Sie Ihren K\u00f6rper reinigen und den Kreislauf verbessern. Ergebnis der Nutzung der Sauna ist unter anderem: Muskelentspannung, St\u00e4rkung der Abwehrkr\u00e4fte, St\u00e4rkung der Hautelastizit\u00e4t und die Freisetzung von Endorphinen. Nach dem Saunabad k\u00f6nnen Sie von einer kalte Dusche Gebrauch machen, die sich in der Sauna-Zone befindet.<\/p><div class=\"icon-box-v4-image hidden-sm hidden-md hidden-lg fg-text-dark ffb-image-4\"><img decoding=\"async\" class=\"fg-image  img-responsive full-width\" src=\"https:\/\/www.hoteldarboven.pl\/wp-content\/uploads\/2020\/01\/hotel_sauna_img.jpg\" alt=\"hotel_sauna_img\" title=\"\"><\/div><\/section><\/div><\/div><\/div><\/section><style>@media (min-width:768px) { \n.ffb-id-3n4ecdl9{ \npadding-bottom: 150px;\n\n}\n}@media (min-width:768px) { \n.ffb-id-3n4ecdla{ \nmargin-top: 75px;\nmargin-bottom: 150px;\npadding-right: 60px;\npadding-bottom: 60px;\npadding-left: 60px;\n\n}\n}.ffb-id-3n4ecdla{ \ntext-align: center !important;\n}\n.ffb-id-3n4ecdla ,\n.ffb-id-3n4ecdla:before,\n.ffb-id-3n4ecdla:after,\n.ffb-id-3n4ecdla:hover,\n.ffb-id-3n4ecdla:focus,\n.ffb-id-3n4ecdla *,\n.ffb-id-3n4ecdla *:before,\n.ffb-id-3n4ecdla *:after,\n.ffb-id-3n4ecdla *:hover,\n.ffb-id-3n4ecdla *:focus{ \ntext-align: center !important;\n}\n.ffb-id-3n4lcdoe{ \ntext-align: left !important;\n}\n.ffb-id-3n4lcdoe ,\n.ffb-id-3n4lcdoe:before,\n.ffb-id-3n4lcdoe:after,\n.ffb-id-3n4lcdoe:hover,\n.ffb-id-3n4lcdoe:focus,\n.ffb-id-3n4lcdoe *,\n.ffb-id-3n4lcdoe *:before,\n.ffb-id-3n4lcdoe *:after,\n.ffb-id-3n4lcdoe *:hover,\n.ffb-id-3n4lcdoe *:focus{ \ntext-align: left !important;\n}\n@media (min-width:768px) and (max-width:991px) { \n .ffb-id-3n4lcdoe{ \ncolumn-count: 2; column-gap: 60px;\n}\n}@media (min-width:1200px) { \n .ffb-id-3n4lcdoe{ \ncolumn-count: 2; column-gap: 60px;\n}\n}.ffb-id-3n9nmdgq{ \npadding-top: 3rem;\npadding-bottom: 3rem;\n\n}\n@media (min-width:768px) { .ffb-id-3n9fpd5a{ margin-top: -150px;}}<\/style><script type=\"text\/javascript\"><\/script><section class=\"ffb-id-3n9hps26 fg-section fg-text-dark\"><div class=\"fg-container container fg-container-large fg-container-lvl--1 \"><div class=\"fg-row row    \" ><div class=\"ffb-id-3n9hps27 fg-col col-xs-12 col-sm-6 fg-text-dark\"><section class=\"ffb-id-3n9hps29 icon-box-v4 text-left hotel_service fg-text-dark\" id=\"hotel_stajnia\"><div class=\"icon-box-v4-image hidden-xs fg-text-dark ffb-image-1\"><img decoding=\"async\" class=\"fg-image  img-responsive full-width\" src=\"https:\/\/www.hoteldarboven.pl\/wp-content\/uploads\/2020\/05\/hotel_stajnia_img_2.jpg\" alt=\"Hotel J.J. Darboven Okolica\" title=\"\"><\/div><h3 class=\"icon-box-v4-body-title fg-text-dark ffb-title-2\">Reitakademie J.J. Darboven<\/h3><p class=\"icon-box-v4-body-text fg-text-dark ffb-description-3\"><\/p>\n<p>In enger Nachbarschaft des Hotels betreibt die Reitakademie J.J. Darboven ihr Gewerbe. Einige Hotelzimmer bieten einen Blick auf das Objekt, so dass Sie durch das Fenster den Reitfortschritt unserer G\u00e4ste sowie die auf dem Paddock ruhenden Pferde bewundern k\u00f6nnen. Die Reitakademie umfasst sicher eingez\u00e4unte Paddocks, eine \u00fcberdachte Reithalle, eine gro\u00dfe Reitbahn, einen Longierzirkel sowie ein gem\u00fctliches Klub-Geb\u00e4ude, wo wir uns nach dem Reiten erholen k\u00f6nnen, indem wir einen aromatischen Kaffee genie\u00dfen. Es ist ein perfekter Ort sowohl f\u00fcr Amateure als auch f\u00fcr Fortgeschrittene, f\u00fcr Kinder sowie Erwachsene. Erfahren Sie mehr unter <a href=\"https:\/\/kawaikonie.pl\/\" target=\"_blank\" rel=\"noopener noreferrer\">www.kawaikonie.pl<\/a><\/p>\n<p><\/p><div class=\"icon-box-v4-image hidden-sm hidden-md hidden-lg fg-text-dark ffb-image-4\"><img decoding=\"async\" class=\"fg-image  img-responsive full-width\" src=\"https:\/\/www.hoteldarboven.pl\/wp-content\/uploads\/2020\/05\/hotel_stajnia_img_2.jpg\" alt=\"Hotel J.J. Darboven Okolica\" title=\"\"><\/div><\/section><\/div><div class=\"ffb-id-3n9hps2a fg-col col-xs-12 col-sm-6 fg-text-dark\"><section class=\"ffb-id-3n9hps2c icon-box-v4 text-left hotel_service fg-text-dark\" id=\"hotel_akademia\"><div class=\"icon-box-v4-image hidden-xs fg-text-dark ffb-image-1\"><img decoding=\"async\" class=\"fg-image  img-responsive full-width\" src=\"https:\/\/www.hoteldarboven.pl\/wp-content\/uploads\/2020\/05\/hotel_akademia_img_2.jpg\" alt=\"Hotel J.J. Darboven Akademia kawy i herbaty\" title=\"\"><\/div><h3 class=\"icon-box-v4-body-title fg-text-dark ffb-title-2\">Kaffee- und Teeakademie J.J. Darboven<\/h3><p class=\"icon-box-v4-body-text fg-text-dark ffb-description-3\"><\/p>\n<p>Innerhalb seines mehr als 150-j\u00e4hrigen Bestehens hat das Unternehmen ein umfassendes Wissen \u00fcber Hei\u00dfgetr\u00e4nke gesammelt. Im Jahr 2002 wurde auf Grundlage dieses Wissens die in Polen erste Kaffee- und Teeakademie J.J. Darboven gegr\u00fcndet, welche ihre T\u00e4tigkeit bis heute mit Erfolg aus\u00fcbt. W\u00e4hrend der in ihr stattfindenden Seminare geben wir die Geheimnisse der professionellen Kaffee- und Teezubereitung an Hunderte von zuk\u00fcnftigen Baristas-Enthusiasten weiter, was dazu f\u00fchrt, dass wir momentan nahezu 5.000 \u201eAbsolventen\u201c haben. Wir verbessern auch die Kompetenzen der Personen, die schon in der Branche arbeiten, indem wir u. a. Schulungen im Bereich Latte Art durchf\u00fchren. Alle Schulungen werden von unserem qualifizierten Trainer und Barista Dariusz Wasielewski durchgef\u00fchrt. Mehr erfahren Sie unter <a href=\"http:\/\/akademia.darboven.pl\/\" target=\"_blank\" rel=\"noopener noreferrer\">akademia.darboven.pl<\/a><\/p>\n<p><\/p><div class=\"icon-box-v4-image hidden-sm hidden-md hidden-lg fg-text-dark ffb-image-4\"><img decoding=\"async\" class=\"fg-image  img-responsive full-width\" src=\"https:\/\/www.hoteldarboven.pl\/wp-content\/uploads\/2020\/05\/hotel_akademia_img_2.jpg\" alt=\"Hotel J.J. Darboven Akademia kawy i herbaty\" title=\"\"><\/div><\/section><\/div><\/div><\/div><\/section><style>@media (min-width:768px) { \n.ffb-id-3n9fpd5a{ \nmargin-top: -150px;\n\n}\n}<\/style><script type=\"text\/javascript\"><\/script><section class=\"ffb-id-3n9htmpe fg-section fg-text-dark\"><div class=\"fg-container container fg-container-large fg-container-lvl--1 \"><div class=\"fg-row row    \" ><div class=\"ffb-id-3n9htmpf fg-col col-xs-12 col-sm-6 fg-text-dark\"><section class=\"ffb-id-3n9htmph icon-box-v4 text-left hotel_service fg-text-dark\" id=\"hotel_sklep\"><div class=\"icon-box-v4-image hidden-xs fg-text-dark ffb-image-1\"><img decoding=\"async\" class=\"fg-image  img-responsive full-width\" src=\"https:\/\/www.hoteldarboven.pl\/wp-content\/uploads\/2020\/01\/hotel_sklep_img.jpg\" alt=\"hotel_sklep_img\" title=\"\"><\/div><h3 class=\"icon-box-v4-body-title fg-text-dark ffb-title-2\">Station\u00e4rer Laden J.J. Darboven<\/h3><p class=\"icon-box-v4-body-text fg-text-dark ffb-description-3\"><\/p>\n<p>Wir laden Sie ein, unseren station\u00e4ren Laden zu besuchen, der sich am Sitz von J.J. Darboven befindet und 200 m vom Hotel entfernt ist. Auf unsere Hotelg\u00e4ste warten spezielle Rabatte auf das ganze Sortiment von Kaffee, Tee und Schokoladen. Wir betreiben auch einen Online-Shop. Bei Interesse besuchen Sie bitte unsere Website <a href=\"https:\/\/darbovensklep.pl\/\" target=\"_blank\" rel=\"noopener noreferrer\">darbovensklep.pl<\/a><\/p>\n<p><\/p><div class=\"icon-box-v4-image hidden-sm hidden-md hidden-lg fg-text-dark ffb-image-4\"><img decoding=\"async\" class=\"fg-image  img-responsive full-width\" src=\"https:\/\/www.hoteldarboven.pl\/wp-content\/uploads\/2020\/01\/hotel_sklep_img.jpg\" alt=\"hotel_sklep_img\" title=\"\"><\/div><\/section><\/div><div class=\"ffb-id-3n9htmpi fg-col col-xs-12 col-sm-6 fg-text-dark\"><section class=\"ffb-id-3n9htmpk icon-box-v4 text-left hotel_service fg-text-dark\" id=\"hotel_palarnia\"><div class=\"icon-box-v4-image hidden-xs fg-text-dark ffb-image-1\"><img decoding=\"async\" class=\"fg-image  img-responsive full-width\" src=\"https:\/\/www.hoteldarboven.pl\/wp-content\/uploads\/2020\/05\/hotel_palarnia_img_2.jpg\" alt=\"Hotel J.J. Darboven\" title=\"\"><\/div><h3 class=\"icon-box-v4-body-title fg-text-dark ffb-title-2\">Kaffeer\u00f6sterei J.J. Darboven<\/h3><p class=\"icon-box-v4-body-text fg-text-dark ffb-description-3\"><\/p>\n<p>Die lokale Kaffeer\u00f6sterei J.J. Darboven, die sich wie unser station\u00e4rer Laden am Sitz von<br \/>\nJ.J. Darboven befindet, ist die j\u00fcngste Initiative, die auf den Bed\u00fcrfnisse von Kaffeeliebhabern eingeht, welche nach einzigartigen, fortlaufend ger\u00f6steten Kaffeesorten in kleinen Mengen suchen.<\/p>\n<p>Das, was 2020 beginnt, hat eine solide Grundlage. Seit \u00fcber 150 Jahren besch\u00e4ftigen sich f\u00fcnf Generationen der Familie Darboven in Deutschland mit dem R\u00f6sten von Kaffee, welcher Liebhaber dieses Getr\u00e4nks auf der ganzen Welt erfreut. F\u00fcr Mitglieder der Familie Darboven, die das Unternehmen all diese Jahre gef\u00fchrt haben, war Kaffee immer eine lebenslange Leidenschaft und nicht nur eine Ware. Mit derselben Leidenschaft werden wir die Bohnen behandeln, die hier eigenh\u00e4ndig hergestellt werden, in unserer Kaffeer\u00f6sterei, welche aus Liebe zum Kaffee geschaffen wurde. Alle Interessierten verweisen wir auf <a href=\"https:\/\/palarnia.darboven.pl\/\" target=\"_blank\" rel=\"noopener noreferrer\">palarnia.darboven.pl<\/a><\/p>\n<p><\/p><div class=\"icon-box-v4-image hidden-sm hidden-md hidden-lg fg-text-dark ffb-image-4\"><img decoding=\"async\" class=\"fg-image  img-responsive full-width\" src=\"https:\/\/www.hoteldarboven.pl\/wp-content\/uploads\/2020\/05\/hotel_palarnia_img_2.jpg\" alt=\"Hotel J.J. Darboven\" title=\"\"><\/div><\/section><\/div><\/div><\/div><\/section><style><\/style><script type=\"text\/javascript\"><\/script><\/p>\n","protected":false},"excerpt":{"rendered":"","protected":false},"author":1,"featured_media":0,"parent":0,"menu_order":0,"comment_status":"closed","ping_status":"closed","template":"","meta":{"footnotes":""},"class_list":["post-1204","page","type-page","status-publish","hentry","post-wrapper"],"_links":{"self":[{"href":"https:\/\/www.hoteldarboven.pl\/de\/wp-json\/wp\/v2\/pages\/1204","targetHints":{"allow":["GET"]}}],"collection":[{"href":"https:\/\/www.hoteldarboven.pl\/de\/wp-json\/wp\/v2\/pages"}],"about":[{"href":"https:\/\/www.hoteldarboven.pl\/de\/wp-json\/wp\/v2\/types\/page"}],"author":[{"embeddable":true,"href":"https:\/\/www.hoteldarboven.pl\/de\/wp-json\/wp\/v2\/users\/1"}],"replies":[{"embeddable":true,"href":"https:\/\/www.hoteldarboven.pl\/de\/wp-json\/wp\/v2\/comments?post=1204"}],"version-history":[{"count":5,"href":"https:\/\/www.hoteldarboven.pl\/de\/wp-json\/wp\/v2\/pages\/1204\/revisions"}],"predecessor-version":[{"id":1542,"href":"https:\/\/www.hoteldarboven.pl\/de\/wp-json\/wp\/v2\/pages\/1204\/revisions\/1542"}],"wp:attachment":[{"href":"https:\/\/www.hoteldarboven.pl\/de\/wp-json\/wp\/v2\/media?parent=1204"}],"curies":[{"name":"wp","href":"https:\/\/api.w.org\/{rel}","templated":true}]}}