{"id":1208,"date":"2019-12-18T09:46:49","date_gmt":"2019-12-18T08:46:49","guid":{"rendered":"https:\/\/www.hoteldarboven.pl\/oferty-specjalne\/"},"modified":"2020-03-09T11:42:31","modified_gmt":"2020-03-09T10:42:31","slug":"sonderangebote","status":"publish","type":"page","link":"https:\/\/www.hoteldarboven.pl\/de\/sonderangebote\/","title":{"rendered":"Oferty specjalne"},"content":{"rendered":"<p><section class=\"ffb-id-3nbsg88e fg-section fg-el-has-bg fg-temp-height fg-text-dark\" data-fg-force-min-height=\"{&quot;breakpoint_1&quot;:{&quot;height&quot;:&quot;25&quot;,&quot;offset&quot;:&quot;&quot;},&quot;breakpoint_2&quot;:{&quot;height&quot;:&quot;50&quot;,&quot;offset&quot;:&quot;&quot;},&quot;breakpoint_3&quot;:{&quot;height&quot;:&quot;50&quot;,&quot;offset&quot;:&quot;&quot;},&quot;breakpoint_4&quot;:{&quot;height&quot;:&quot;50&quot;,&quot;offset&quot;:&quot;&quot;}}\"><span class=\"fg-bg\"><span data-fg-bg=\"{&quot;type&quot;:&quot;parallax&quot;,&quot;url&quot;:&quot;https:\\\/\\\/www.hoteldarboven.pl\\\/wp-content\\\/uploads\\\/2020\\\/01\\\/oferty_bg3-scaled.jpg&quot;,&quot;opacity&quot;:&quot;1&quot;,&quot;width&quot;:&quot;2560&quot;,&quot;height&quot;:&quot;939&quot;,&quot;speed&quot;:&quot;50&quot;,&quot;size&quot;:&quot;auto&quot;,&quot;offset_h&quot;:&quot;50&quot;,&quot;offset_v&quot;:&quot;100&quot;}\" class=\"fg-bg-layer fg-bg-type-parallax \" style=\"opacity: 1; background-image: url(&quot;https:\/\/www.hoteldarboven.pl\/wp-content\/uploads\/2020\/01\/oferty_bg3-scaled.jpg&quot;);\"><\/span><\/span><div class=\"fg-container container fg-container-large fg-container-lvl--1 \"><div class=\"fg-row row    \" ><div class=\"ffb-id-3nbsg88f fg-col col-xs-12 col-md-12 fg-text-dark\"><section class=\"ffb-id-3nbsgjto divider-v1 divider-with-title-1-type fg-text-dark\"><div class=\"divider-v1-element\">Sonderangebote<\/div><\/section><\/div><\/div><\/div><\/section><style>@media (max-width:767px) {  .ffb-id-3nbsg88e.fg-temp-height{ height:25vh;}}@media (min-width:768px) and (max-width:991px) {  .ffb-id-3nbsg88e.fg-temp-height{ height:50vh;}}@media (min-width:992px) and (max-width:1199px) {  .ffb-id-3nbsg88e.fg-temp-height{ height:50vh;}}@media (min-width:1200px) {  .ffb-id-3nbsg88e.fg-temp-height{ height:50vh;}}.ffb-id-3nbsgjto.divider-with-title-1-type > div:before{ border-color:#a88752;}.ffb-id-3nbsgjto.divider-with-title-1-type > div:after{ border-color:#a88752;}.ffb-id-3nbsgjto.divider-with-title-1-type > div{ color:#ffffff;}.ffb-id-3nbsgjto{ font-family: 'Montserrat', Arial, sans-serif !important;text-transform: uppercase !important;}.ffb-id-3nbsgjto:before,.ffb-id-3nbsgjto:after,.ffb-id-3nbsgjto:hover,.ffb-id-3nbsgjto:focus,.ffb-id-3nbsgjto *,.ffb-id-3nbsgjto *:before,.ffb-id-3nbsgjto *:after,.ffb-id-3nbsgjto *:hover,.ffb-id-3nbsgjto *:focus{ font-family: 'Montserrat', Arial, sans-serif !important;text-transform: uppercase !important;}.ffb-id-3nbsgjto{ font-size: 35px !important;font-weight: bold !important;}.ffb-id-3nbsgjto ,.ffb-id-3nbsgjto:before,.ffb-id-3nbsgjto:after,.ffb-id-3nbsgjto:hover,.ffb-id-3nbsgjto:focus,.ffb-id-3nbsgjto *,.ffb-id-3nbsgjto *:before,.ffb-id-3nbsgjto *:after,.ffb-id-3nbsgjto *:hover,.ffb-id-3nbsgjto *:focus{ font-size: 35px !important;font-weight: bold !important;}@media (min-width:768px) { .ffb-id-3nbsgjto{ font-size: 50px !important;}}@media (min-width:768px) { .ffb-id-3nbsgjto ,.ffb-id-3nbsgjto:before,.ffb-id-3nbsgjto:after,.ffb-id-3nbsgjto:hover,.ffb-id-3nbsgjto:focus,.ffb-id-3nbsgjto *,.ffb-id-3nbsgjto *:before,.ffb-id-3nbsgjto *:after,.ffb-id-3nbsgjto *:hover,.ffb-id-3nbsgjto *:focus{ font-size: 50px !important;}}@media (min-width:1200px) { .ffb-id-3nbsgjto{ font-size: 60px !important;}}@media (min-width:1200px) { .ffb-id-3nbsgjto ,.ffb-id-3nbsgjto:before,.ffb-id-3nbsgjto:after,.ffb-id-3nbsgjto:hover,.ffb-id-3nbsgjto:focus,.ffb-id-3nbsgjto *,.ffb-id-3nbsgjto *:before,.ffb-id-3nbsgjto *:after,.ffb-id-3nbsgjto *:hover,.ffb-id-3nbsgjto *:focus{ font-size: 60px !important;}}<\/style><script type=\"text\/javascript\"><\/script><div class=\"ffb-id-3np9fhjd fg-wrapper fg-text-dark\" id=\"oferty\"><section class=\"ffb-id-3np9ihcq fg-section fg-text-dark\"><div class=\"fg-container container-fluid fg-container-fluid fg-container-lvl--1 \"><div class=\"fg-row row    fg-row-match-cols\"  data-fg-match-cols=\"{&quot;1&quot;:&quot;0&quot;,&quot;2&quot;:&quot;0&quot;,&quot;3&quot;:&quot;1&quot;,&quot;4&quot;:&quot;1&quot;}\" ><div class=\"ffb-id-3np9ihcr fg-col col-xs-12 col-sm-6 col-md-6 fg-text-dark\"><div class=\"fg-match-column-inside-wrapper\"><h2 class=\"ffb-id-3np9ihcu fg-heading text-left    fg-text-dark\">Kommen Sie mit .... Ihrem eigenen Pferd!<\/h2><p class=\"ffb-id-3np9ihcv fg-paragraph text-left    fg-text-dark\">Das Hotel J.J. Darboven ist das einzige Hotel, zu dem Sie mit ihrem eigenen Pferd kommen k\u00f6nnen! F\u00fcr Ihr Lieblingstier werden wir eine komfortable Pferdebox in unserer Reitakademie vorbereiten. Dar\u00fcber hinaus stehen Ihnen ein professionell ausgestatteter Paddock und eine \u00fcberdachte Reithalle zur Verf\u00fcgung. Sollten Sie Interesse an einem solchen Aufenthalt haben, kontaktieren Sie uns per<br \/>\nE-Mail oder Telefon.<\/p><\/div><\/div><div class=\"ffb-id-3np9ihd0 fg-col col-xs-12 col-sm-6 fg-el-has-bg fg-temp-height fg-text-dark\" data-fg-force-min-height=\"{&quot;breakpoint_1&quot;:{&quot;height&quot;:&quot;50&quot;,&quot;offset&quot;:&quot;&quot;},&quot;breakpoint_2&quot;:{&quot;height&quot;:&quot;50&quot;,&quot;offset&quot;:&quot;&quot;},&quot;breakpoint_3&quot;:{&quot;height&quot;:&quot;50&quot;,&quot;offset&quot;:&quot;&quot;},&quot;breakpoint_4&quot;:{&quot;height&quot;:&quot;50&quot;,&quot;offset&quot;:&quot;&quot;}}\"><span class=\"fg-bg\"><span data-fg-bg=\"{&quot;type&quot;:&quot;image&quot;,&quot;opacity&quot;:&quot;1&quot;,&quot;url&quot;:&quot;https:\\\/\\\/www.hoteldarboven.pl\\\/wp-content\\\/uploads\\\/2020\\\/01\\\/oferty_kon2.jpg&quot;,&quot;size&quot;:&quot;cover&quot;,&quot;repeat&quot;:&quot;no-repeat&quot;,&quot;attachment&quot;:&quot;scroll&quot;,&quot;position&quot;:&quot;center center&quot;}\" class=\"fg-bg-layer fg-bg-type-image \" style=\"opacity: 1; background-image: url(&quot;https:\/\/www.hoteldarboven.pl\/wp-content\/uploads\/2020\/01\/oferty_kon2.jpg&quot;); background-repeat: no-repeat; background-attachment: scroll; background-position: center center; background-size: cover;\"><\/span><\/span><div class=\"fg-match-column-inside-wrapper\"><\/div><\/div><\/div><\/div><\/section><section class=\"ffb-id-3np9hg6p fg-section fg-text-dark\"><div class=\"fg-container container-fluid fg-container-fluid fg-container-lvl--1 \"><div class=\"fg-row row    fg-row-match-cols\"  data-fg-match-cols=\"{&quot;1&quot;:&quot;0&quot;,&quot;2&quot;:&quot;0&quot;,&quot;3&quot;:&quot;1&quot;,&quot;4&quot;:&quot;1&quot;}\" ><div class=\"ffb-id-3np9hg6r fg-col col-xs-12 col-sm-6 fg-text-dark\"><div class=\"fg-match-column-inside-wrapper\"><h2 class=\"ffb-id-3np9hg6u fg-heading text-left    fg-text-dark\">Geburtstagsfeiern, Jungesellinenabschiede etc.<\/h2><p class=\"ffb-id-3np9hg6v fg-paragraph text-left    fg-text-dark\">Mieten Sie das ganze Objekt f\u00fcr sich selbst und Ihre Freunde, um eine Feier zu veranstalten. Wir stellen Ihnen neben 10 Hotelzimmern und einem Fr\u00fchst\u00fccksraum auch eine Trockensauna und eine Dachterrasse zur Verf\u00fcgung, mit einem Zwischengeschoss und einem herrlichem Blick auf unsere Pferde. Kontaktieren Sie uns, um ein detailliertes Angebot zu erhalten.<\/p><\/div><\/div><div class=\"ffb-id-3np9hg6q fg-col col-xs-12 col-sm-6 fg-el-has-bg fg-temp-height fg-text-dark\" data-fg-force-min-height=\"{&quot;breakpoint_1&quot;:{&quot;height&quot;:&quot;50&quot;,&quot;offset&quot;:&quot;&quot;},&quot;breakpoint_2&quot;:{&quot;height&quot;:&quot;50&quot;,&quot;offset&quot;:&quot;&quot;},&quot;breakpoint_3&quot;:{&quot;height&quot;:&quot;50&quot;,&quot;offset&quot;:&quot;&quot;},&quot;breakpoint_4&quot;:{&quot;height&quot;:&quot;50&quot;,&quot;offset&quot;:&quot;&quot;}}\"><span class=\"fg-bg\"><span data-fg-bg=\"{&quot;type&quot;:&quot;image&quot;,&quot;opacity&quot;:&quot;1&quot;,&quot;url&quot;:&quot;https:\\\/\\\/www.hoteldarboven.pl\\\/wp-content\\\/uploads\\\/2020\\\/01\\\/oferty_urodziny2.jpg&quot;,&quot;size&quot;:&quot;cover&quot;,&quot;repeat&quot;:&quot;no-repeat&quot;,&quot;attachment&quot;:&quot;scroll&quot;,&quot;position&quot;:&quot;center center&quot;}\" class=\"fg-bg-layer fg-bg-type-image \" style=\"opacity: 1; background-image: url(&quot;https:\/\/www.hoteldarboven.pl\/wp-content\/uploads\/2020\/01\/oferty_urodziny2.jpg&quot;); background-repeat: no-repeat; background-attachment: scroll; background-position: center center; background-size: cover;\"><\/span><\/span><div class=\"fg-match-column-inside-wrapper\"><\/div><\/div><\/div><\/div><\/section><section class=\"ffb-id-3np9gpl9 fg-section fg-text-dark\"><div class=\"fg-container container-fluid fg-container-fluid fg-container-lvl--1 \"><div class=\"fg-row row    fg-row-match-cols\"  data-fg-match-cols=\"{&quot;1&quot;:&quot;0&quot;,&quot;2&quot;:&quot;0&quot;,&quot;3&quot;:&quot;1&quot;,&quot;4&quot;:&quot;1&quot;}\" ><div class=\"ffb-id-3np9gpla fg-col col-xs-12 col-sm-6 fg-text-dark\"><div class=\"fg-match-column-inside-wrapper\"><h2 class=\"ffb-id-3np9gpld fg-heading text-left    fg-text-dark\">Wochenende im Sattel<\/h2><p class=\"ffb-id-3np9gple fg-paragraph text-left    fg-text-dark\">Wir laden Sie zu einem Aufenthalt ein, der mit aktiver Erholung und Reitunterricht kombiniert wird. Unabh\u00e4ngig davon, ob Sie Anf\u00e4nger sind oder Reiten Ihre Leidenschaft ist - wir bieten Ihnen ein ma\u00dfgeschneidertes Angebot mit der M\u00f6glichkeit, mit einem Instrukteur, sowohl f\u00fcr Erwachsene als auch f\u00fcr Kinder, das Reiten zu lernen.<\/p><\/div><\/div><div class=\"ffb-id-3np9gplf fg-col col-xs-12 col-sm-6 fg-el-has-bg fg-temp-height fg-text-dark\" data-fg-force-min-height=\"{&quot;breakpoint_1&quot;:{&quot;height&quot;:&quot;50&quot;,&quot;offset&quot;:&quot;&quot;},&quot;breakpoint_2&quot;:{&quot;height&quot;:&quot;50&quot;,&quot;offset&quot;:&quot;&quot;},&quot;breakpoint_3&quot;:{&quot;height&quot;:&quot;50&quot;,&quot;offset&quot;:&quot;&quot;},&quot;breakpoint_4&quot;:{&quot;height&quot;:&quot;50&quot;,&quot;offset&quot;:&quot;&quot;}}\"><span class=\"fg-bg\"><span data-fg-bg=\"{&quot;type&quot;:&quot;image&quot;,&quot;opacity&quot;:&quot;1&quot;,&quot;url&quot;:&quot;https:\\\/\\\/www.hoteldarboven.pl\\\/wp-content\\\/uploads\\\/2020\\\/01\\\/oferty_weekendy.jpg&quot;,&quot;size&quot;:&quot;cover&quot;,&quot;repeat&quot;:&quot;no-repeat&quot;,&quot;attachment&quot;:&quot;scroll&quot;,&quot;position&quot;:&quot;center center&quot;}\" class=\"fg-bg-layer fg-bg-type-image \" style=\"opacity: 1; background-image: url(&quot;https:\/\/www.hoteldarboven.pl\/wp-content\/uploads\/2020\/01\/oferty_weekendy.jpg&quot;); background-repeat: no-repeat; background-attachment: scroll; background-position: center center; background-size: cover;\"><\/span><\/span><div class=\"fg-match-column-inside-wrapper\"><\/div><\/div><\/div><\/div><\/section><section class=\"ffb-id-3np9g6ri fg-section fg-text-dark\"><div class=\"fg-container container-fluid fg-container-fluid fg-container-lvl--1 \"><div class=\"fg-row row    fg-row-match-cols\"  data-fg-match-cols=\"{&quot;1&quot;:&quot;0&quot;,&quot;2&quot;:&quot;0&quot;,&quot;3&quot;:&quot;1&quot;,&quot;4&quot;:&quot;1&quot;}\" ><div class=\"ffb-id-3np9g6rk fg-col col-xs-12 col-sm-6 fg-text-dark\"><div class=\"fg-match-column-inside-wrapper\"><h2 class=\"ffb-id-3np9g6rn fg-heading text-left    fg-text-dark\">Lager, Ferienhort<\/h2><p class=\"ffb-id-3np9g6ro fg-paragraph text-left    fg-text-dark\">Unter der Anleitung unseres professionellen Personals der Reitakademie k\u00f6nnen Ihre Spr\u00f6sslinge unvergessliche Sommerferien, Ferien oder Ferienhorte bei uns verbringen. Neben Reiten bieten wir viele andere Outdoor-Aktivit\u00e4ten, Spiele und Animationen an. Machen Sie sich mit unserem aktuellen Angebot vertraut, indem Sie uns per E-Mail oder Telefon kontaktieren.<\/p><\/div><\/div><div class=\"ffb-id-3np9g6rj fg-col col-xs-12 col-sm-6 fg-el-has-bg fg-temp-height fg-text-dark\" data-fg-force-min-height=\"{&quot;breakpoint_1&quot;:{&quot;height&quot;:&quot;50&quot;,&quot;offset&quot;:&quot;&quot;},&quot;breakpoint_2&quot;:{&quot;height&quot;:&quot;50&quot;,&quot;offset&quot;:&quot;&quot;},&quot;breakpoint_3&quot;:{&quot;height&quot;:&quot;50&quot;,&quot;offset&quot;:&quot;&quot;},&quot;breakpoint_4&quot;:{&quot;height&quot;:&quot;50&quot;,&quot;offset&quot;:&quot;&quot;}}\"><span class=\"fg-bg\"><span data-fg-bg=\"{&quot;type&quot;:&quot;image&quot;,&quot;opacity&quot;:&quot;1&quot;,&quot;url&quot;:&quot;https:\\\/\\\/www.hoteldarboven.pl\\\/wp-content\\\/uploads\\\/2020\\\/01\\\/oferty_obozy.jpg&quot;,&quot;size&quot;:&quot;cover&quot;,&quot;repeat&quot;:&quot;no-repeat&quot;,&quot;attachment&quot;:&quot;scroll&quot;,&quot;position&quot;:&quot;left center&quot;}\" class=\"fg-bg-layer fg-bg-type-image \" style=\"opacity: 1; background-image: url(&quot;https:\/\/www.hoteldarboven.pl\/wp-content\/uploads\/2020\/01\/oferty_obozy.jpg&quot;); background-repeat: no-repeat; background-attachment: scroll; background-position: left center; background-size: cover;\"><\/span><\/span><div class=\"fg-match-column-inside-wrapper\"><\/div><\/div><\/div><\/div><\/section><\/div><style>@media (max-width:767px) { \n .ffb-id-3nbsg88e.fg-temp-height{ \nheight:25vh;\n}\n}@media (min-width:768px) and (max-width:991px) { \n .ffb-id-3nbsg88e.fg-temp-height{ \nheight:50vh;\n}\n}@media (min-width:992px) and (max-width:1199px) { \n .ffb-id-3nbsg88e.fg-temp-height{ \nheight:50vh;\n}\n}@media (min-width:1200px) { \n .ffb-id-3nbsg88e.fg-temp-height{ \nheight:50vh;\n}\n}.ffb-id-3nbsgjto.divider-with-title-1-type > div:before{ \nborder-color:#a88752;\n}\n.ffb-id-3nbsgjto.divider-with-title-1-type > div:after{ \nborder-color:#a88752;\n}\n.ffb-id-3nbsgjto.divider-with-title-1-type > div{ \ncolor:#ffffff;\n}\n.ffb-id-3nbsgjto{ \nfont-family: 'Montserrat', Arial, sans-serif !important;\ntext-transform: uppercase !important;\n}\n.ffb-id-3nbsgjto:before,\n.ffb-id-3nbsgjto:after,\n.ffb-id-3nbsgjto:hover,\n.ffb-id-3nbsgjto:focus,\n.ffb-id-3nbsgjto *,\n.ffb-id-3nbsgjto *:before,\n.ffb-id-3nbsgjto *:after,\n.ffb-id-3nbsgjto *:hover,\n.ffb-id-3nbsgjto *:focus{ \nfont-family: 'Montserrat', Arial, sans-serif !important;\ntext-transform: uppercase !important;\n}\n.ffb-id-3nbsgjto{ \nfont-size: 35px !important;\nfont-weight: bold !important;\n}\n.ffb-id-3nbsgjto ,\n.ffb-id-3nbsgjto:before,\n.ffb-id-3nbsgjto:after,\n.ffb-id-3nbsgjto:hover,\n.ffb-id-3nbsgjto:focus,\n.ffb-id-3nbsgjto *,\n.ffb-id-3nbsgjto *:before,\n.ffb-id-3nbsgjto *:after,\n.ffb-id-3nbsgjto *:hover,\n.ffb-id-3nbsgjto *:focus{ \nfont-size: 35px !important;\nfont-weight: bold !important;\n}\n@media (min-width:768px) { \n.ffb-id-3nbsgjto{ \nfont-size: 50px !important;\n}\n}@media (min-width:768px) { \n.ffb-id-3nbsgjto ,\n.ffb-id-3nbsgjto:before,\n.ffb-id-3nbsgjto:after,\n.ffb-id-3nbsgjto:hover,\n.ffb-id-3nbsgjto:focus,\n.ffb-id-3nbsgjto *,\n.ffb-id-3nbsgjto *:before,\n.ffb-id-3nbsgjto *:after,\n.ffb-id-3nbsgjto *:hover,\n.ffb-id-3nbsgjto *:focus{ \nfont-size: 50px !important;\n}\n}@media (min-width:1200px) { \n.ffb-id-3nbsgjto{ \nfont-size: 60px !important;\n}\n}@media (min-width:1200px) { \n.ffb-id-3nbsgjto ,\n.ffb-id-3nbsgjto:before,\n.ffb-id-3nbsgjto:after,\n.ffb-id-3nbsgjto:hover,\n.ffb-id-3nbsgjto:focus,\n.ffb-id-3nbsgjto *,\n.ffb-id-3nbsgjto *:before,\n.ffb-id-3nbsgjto *:after,\n.ffb-id-3nbsgjto *:hover,\n.ffb-id-3nbsgjto *:focus{ \nfont-size: 60px !important;\n}\n}@media (max-width:767px) {  .ffb-id-3np9g6rj.fg-temp-height{ height:50vh;}}@media (min-width:768px) and (max-width:991px) {  .ffb-id-3np9g6rj.fg-temp-height{ height:50vh;}}@media (min-width:992px) and (max-width:1199px) {  .ffb-id-3np9g6rj.fg-temp-height{ height:50vh;}}@media (min-width:1200px) {  .ffb-id-3np9g6rj.fg-temp-height{ height:50vh;}}.ffb-id-3np9g6rk{ padding-top: 15px;padding-right: 15px;padding-bottom: 15px;padding-left: 15px;}@media (min-width:992px) { .ffb-id-3np9g6rk{ padding-top: 30px;padding-right: 30px;padding-bottom: 30px;padding-left: 30px;}}@media (min-width:1200px) { .ffb-id-3np9g6rk{ padding-top: 60px;padding-right: 60px;padding-bottom: 60px;padding-left: 60px;}}.ffb-id-3np9g6rn{ font-family: 'Montserrat', Arial, sans-serif !important;}.ffb-id-3np9g6rn:before,.ffb-id-3np9g6rn:after,.ffb-id-3np9g6rn:hover,.ffb-id-3np9g6rn:focus,.ffb-id-3np9g6rn *,.ffb-id-3np9g6rn *:before,.ffb-id-3np9g6rn *:after,.ffb-id-3np9g6rn *:hover,.ffb-id-3np9g6rn *:focus{ font-family: 'Montserrat', Arial, sans-serif !important;}.ffb-id-3np9g6rn{ font-weight: bold !important;}.ffb-id-3np9g6rn ,.ffb-id-3np9g6rn:before,.ffb-id-3np9g6rn:after,.ffb-id-3np9g6rn:hover,.ffb-id-3np9g6rn:focus,.ffb-id-3np9g6rn *,.ffb-id-3np9g6rn *:before,.ffb-id-3np9g6rn *:after,.ffb-id-3np9g6rn *:hover,.ffb-id-3np9g6rn *:focus{ font-weight: bold !important;}@media (max-width:767px) {  .ffb-id-3np9gplf.fg-temp-height{ height:50vh;}}@media (min-width:768px) and (max-width:991px) {  .ffb-id-3np9gplf.fg-temp-height{ height:50vh;}}@media (min-width:992px) and (max-width:1199px) {  .ffb-id-3np9gplf.fg-temp-height{ height:50vh;}}@media (min-width:1200px) {  .ffb-id-3np9gplf.fg-temp-height{ height:50vh;}}.ffb-id-3np9gpla{ padding-top: 15px;padding-right: 15px;padding-bottom: 15px;padding-left: 15px;}@media (min-width:992px) { .ffb-id-3np9gpla{ padding-top: 30px;padding-right: 30px;padding-bottom: 30px;padding-left: 30px;}}@media (min-width:1200px) { .ffb-id-3np9gpla{ padding-top: 60px;padding-right: 60px;padding-bottom: 60px;padding-left: 60px;}}.ffb-id-3np9gpld{ font-family: 'Montserrat', Arial, sans-serif !important;}.ffb-id-3np9gpld:before,.ffb-id-3np9gpld:after,.ffb-id-3np9gpld:hover,.ffb-id-3np9gpld:focus,.ffb-id-3np9gpld *,.ffb-id-3np9gpld *:before,.ffb-id-3np9gpld *:after,.ffb-id-3np9gpld *:hover,.ffb-id-3np9gpld *:focus{ font-family: 'Montserrat', Arial, sans-serif !important;}.ffb-id-3np9gpld{ font-weight: bold !important;}.ffb-id-3np9gpld ,.ffb-id-3np9gpld:before,.ffb-id-3np9gpld:after,.ffb-id-3np9gpld:hover,.ffb-id-3np9gpld:focus,.ffb-id-3np9gpld *,.ffb-id-3np9gpld *:before,.ffb-id-3np9gpld *:after,.ffb-id-3np9gpld *:hover,.ffb-id-3np9gpld *:focus{ font-weight: bold !important;}@media (max-width:767px) {  .ffb-id-3np9hg6q.fg-temp-height{ height:50vh;}}@media (min-width:768px) and (max-width:991px) {  .ffb-id-3np9hg6q.fg-temp-height{ height:50vh;}}@media (min-width:992px) and (max-width:1199px) {  .ffb-id-3np9hg6q.fg-temp-height{ height:50vh;}}@media (min-width:1200px) {  .ffb-id-3np9hg6q.fg-temp-height{ height:50vh;}}.ffb-id-3np9hg6r{ padding-top: 15px;padding-right: 15px;padding-bottom: 15px;padding-left: 15px;}@media (min-width:992px) { .ffb-id-3np9hg6r{ padding-top: 30px;padding-right: 30px;padding-bottom: 30px;padding-left: 30px;}}@media (min-width:1200px) { .ffb-id-3np9hg6r{ padding-top: 60px;padding-right: 60px;padding-bottom: 60px;padding-left: 60px;}}.ffb-id-3np9hg6u{ font-family: 'Montserrat', Arial, sans-serif !important;}.ffb-id-3np9hg6u:before,.ffb-id-3np9hg6u:after,.ffb-id-3np9hg6u:hover,.ffb-id-3np9hg6u:focus,.ffb-id-3np9hg6u *,.ffb-id-3np9hg6u *:before,.ffb-id-3np9hg6u *:after,.ffb-id-3np9hg6u *:hover,.ffb-id-3np9hg6u *:focus{ font-family: 'Montserrat', Arial, sans-serif !important;}.ffb-id-3np9hg6u{ font-weight: bold !important;}.ffb-id-3np9hg6u ,.ffb-id-3np9hg6u:before,.ffb-id-3np9hg6u:after,.ffb-id-3np9hg6u:hover,.ffb-id-3np9hg6u:focus,.ffb-id-3np9hg6u *,.ffb-id-3np9hg6u *:before,.ffb-id-3np9hg6u *:after,.ffb-id-3np9hg6u *:hover,.ffb-id-3np9hg6u *:focus{ font-weight: bold !important;}@media (max-width:767px) {  .ffb-id-3np9ihd0.fg-temp-height{ height:50vh;}}@media (min-width:768px) and (max-width:991px) {  .ffb-id-3np9ihd0.fg-temp-height{ height:50vh;}}@media (min-width:992px) and (max-width:1199px) {  .ffb-id-3np9ihd0.fg-temp-height{ height:50vh;}}@media (min-width:1200px) {  .ffb-id-3np9ihd0.fg-temp-height{ height:50vh;}}.ffb-id-3np9ihcr{ padding-top: 15px;padding-right: 15px;padding-bottom: 15px;padding-left: 15px;}@media (min-width:992px) { .ffb-id-3np9ihcr{ padding-top: 30px;padding-right: 30px;padding-bottom: 30px;padding-left: 30px;}}@media (min-width:1200px) { .ffb-id-3np9ihcr{ padding-top: 60px;padding-right: 60px;padding-bottom: 60px;padding-left: 60px;}}.ffb-id-3np9ihcu{ font-family: 'Montserrat', Arial, sans-serif !important;}.ffb-id-3np9ihcu:before,.ffb-id-3np9ihcu:after,.ffb-id-3np9ihcu:hover,.ffb-id-3np9ihcu:focus,.ffb-id-3np9ihcu *,.ffb-id-3np9ihcu *:before,.ffb-id-3np9ihcu *:after,.ffb-id-3np9ihcu *:hover,.ffb-id-3np9ihcu *:focus{ font-family: 'Montserrat', Arial, sans-serif !important;}.ffb-id-3np9ihcu{ font-weight: bold !important;}.ffb-id-3np9ihcu ,.ffb-id-3np9ihcu:before,.ffb-id-3np9ihcu:after,.ffb-id-3np9ihcu:hover,.ffb-id-3np9ihcu:focus,.ffb-id-3np9ihcu *,.ffb-id-3np9ihcu *:before,.ffb-id-3np9ihcu *:after,.ffb-id-3np9ihcu *:hover,.ffb-id-3np9ihcu *:focus{ font-weight: bold !important;}<\/style><script type=\"text\/javascript\"><\/script><\/p>\n","protected":false},"excerpt":{"rendered":"","protected":false},"author":1,"featured_media":0,"parent":0,"menu_order":0,"comment_status":"closed","ping_status":"closed","template":"","meta":{"footnotes":""},"class_list":["post-1208","page","type-page","status-publish","hentry","post-wrapper"],"_links":{"self":[{"href":"https:\/\/www.hoteldarboven.pl\/de\/wp-json\/wp\/v2\/pages\/1208","targetHints":{"allow":["GET"]}}],"collection":[{"href":"https:\/\/www.hoteldarboven.pl\/de\/wp-json\/wp\/v2\/pages"}],"about":[{"href":"https:\/\/www.hoteldarboven.pl\/de\/wp-json\/wp\/v2\/types\/page"}],"author":[{"embeddable":true,"href":"https:\/\/www.hoteldarboven.pl\/de\/wp-json\/wp\/v2\/users\/1"}],"replies":[{"embeddable":true,"href":"https:\/\/www.hoteldarboven.pl\/de\/wp-json\/wp\/v2\/comments?post=1208"}],"version-history":[{"count":2,"href":"https:\/\/www.hoteldarboven.pl\/de\/wp-json\/wp\/v2\/pages\/1208\/revisions"}],"predecessor-version":[{"id":1234,"href":"https:\/\/www.hoteldarboven.pl\/de\/wp-json\/wp\/v2\/pages\/1208\/revisions\/1234"}],"wp:attachment":[{"href":"https:\/\/www.hoteldarboven.pl\/de\/wp-json\/wp\/v2\/media?parent=1208"}],"curies":[{"name":"wp","href":"https:\/\/api.w.org\/{rel}","templated":true}]}}