{"id":1201,"date":"2019-12-18T09:45:54","date_gmt":"2019-12-18T08:45:54","guid":{"rendered":"https:\/\/www.hoteldarboven.pl\/galeria\/"},"modified":"2020-04-21T08:31:39","modified_gmt":"2020-04-21T06:31:39","slug":"galeria","status":"publish","type":"page","link":"https:\/\/www.hoteldarboven.pl\/en\/galeria\/","title":{"rendered":"Galeria"},"content":{"rendered":"<p><section class=\"ffb-id-3nbsg88e fg-section fg-text-dark\"><div class=\"fg-container container fg-container-large fg-container-lvl--1 \"><div class=\"fg-row row    \" ><div class=\"ffb-id-3nbsg88f fg-col col-xs-12 col-md-12 fg-text-dark\"><section class=\"ffb-id-3nbsgjto divider-v1 divider-with-title-1-type fg-text-dark\"><div class=\"divider-v1-element\">Galeria<\/div><\/section><\/div><\/div><\/div><\/section><style>.ffb-id-3nbsgjto.divider-with-title-1-type > div:before{ border-color:#a88752;}.ffb-id-3nbsgjto.divider-with-title-1-type > div:after{ border-color:#a88752;}.ffb-id-3nbsgjto.divider-with-title-1-type > div{ color:#000000;}.ffb-id-3nbsgjto{ font-family: 'Montserrat', Arial, sans-serif !important;}.ffb-id-3nbsgjto:before,.ffb-id-3nbsgjto:after,.ffb-id-3nbsgjto:hover,.ffb-id-3nbsgjto:focus,.ffb-id-3nbsgjto *,.ffb-id-3nbsgjto *:before,.ffb-id-3nbsgjto *:after,.ffb-id-3nbsgjto *:hover,.ffb-id-3nbsgjto *:focus{ font-family: 'Montserrat', Arial, sans-serif !important;}.ffb-id-3nbsgjto{ font-size: 35px !important;font-weight: bold !important;}.ffb-id-3nbsgjto ,.ffb-id-3nbsgjto:before,.ffb-id-3nbsgjto:after,.ffb-id-3nbsgjto:hover,.ffb-id-3nbsgjto:focus,.ffb-id-3nbsgjto *,.ffb-id-3nbsgjto *:before,.ffb-id-3nbsgjto *:after,.ffb-id-3nbsgjto *:hover,.ffb-id-3nbsgjto *:focus{ font-size: 35px !important;font-weight: bold !important;}@media (min-width:768px) { .ffb-id-3nbsgjto{ font-size: 50px !important;}}@media (min-width:768px) { .ffb-id-3nbsgjto ,.ffb-id-3nbsgjto:before,.ffb-id-3nbsgjto:after,.ffb-id-3nbsgjto:hover,.ffb-id-3nbsgjto:focus,.ffb-id-3nbsgjto *,.ffb-id-3nbsgjto *:before,.ffb-id-3nbsgjto *:after,.ffb-id-3nbsgjto *:hover,.ffb-id-3nbsgjto *:focus{ font-size: 50px !important;}}@media (min-width:1200px) { .ffb-id-3nbsgjto{ font-size: 60px !important;}}@media (min-width:1200px) { .ffb-id-3nbsgjto ,.ffb-id-3nbsgjto:before,.ffb-id-3nbsgjto:after,.ffb-id-3nbsgjto:hover,.ffb-id-3nbsgjto:focus,.ffb-id-3nbsgjto *,.ffb-id-3nbsgjto *:before,.ffb-id-3nbsgjto *:after,.ffb-id-3nbsgjto *:hover,.ffb-id-3nbsgjto *:focus{ font-size: 60px !important;}}<\/style><script type=\"text\/javascript\"><\/script><section class=\"ffb-id-3nbsjvu5 fg-section fg-text-dark\"><div class=\"fg-container container fg-container-large fg-container-lvl--1 \"><div class=\"fg-row row    \" ><div class=\"ffb-id-3nbsjvu6 fg-col col-xs-12 col-md-12 fg-text-dark\"><section class=\"ffb-id-3nbslanc tab-v3 fg-text-dark\"><div class=\"nav-tabs-wrap nav-wrapper\"><ul class=\"nav nav-tabs\" role=\"tablist\"><li role=\"presentation\" class=\"active fg-text-dark ffb-accordion-1\"><a href=\"#tab-v3-3nbslanc-0\" aria-controls=\"tab-v3-3nbslanc-0\" role=\"tab\" data-toggle=\"tab\" class=\"fg-text-dark ffb-title\">Wn\u0119trza<\/a><\/li><li role=\"presentation\" class=\"fg-text-dark ffb-accordion-2\"><a href=\"#tab-v3-3nbslanc-1\" aria-controls=\"tab-v3-3nbslanc-1\" role=\"tab\" data-toggle=\"tab\" class=\"fg-text-dark ffb-title\">Cz\u0119\u015b\u0107 wsp\u00f3lna<\/a><\/li><li role=\"presentation\" class=\"fg-text-dark ffb-accordion-3\"><a href=\"#tab-v3-3nbslanc-2\" aria-controls=\"tab-v3-3nbslanc-2\" role=\"tab\" data-toggle=\"tab\" class=\"fg-text-dark ffb-title\">Recepcja<\/a><\/li><\/ul><\/div><div class=\"tab-content\"><div role=\"tabpanel\" class=\"tab-pane active fg-text-dark ffb-accordion-1\" id=\"tab-v3-3nbslanc-0\"><div class=\"fg-text-dark ffb-content\"><div class=\"tab-pane-content\"><div class=\"fg-text-dark ffb-one-desc-1-1\"><div class=\" ff-richtext\"><\/p>\n<p>[ff_template id='784']<\/p>\n<p><\/div><\/div><\/div><\/div><\/div><div role=\"tabpanel\" class=\"tab-pane fg-text-dark ffb-accordion-2\" id=\"tab-v3-3nbslanc-1\"><div class=\"fg-text-dark ffb-content\"><div class=\"tab-pane-content\"><div class=\"fg-text-dark ffb-one-desc-2-1\"><p>[ff_template id='786']<\/p><\/div><\/div><\/div><\/div><div role=\"tabpanel\" class=\"tab-pane fg-text-dark ffb-accordion-3\" id=\"tab-v3-3nbslanc-2\"><div class=\"fg-text-dark ffb-content\"><div class=\"tab-pane-content\"><div class=\"fg-text-dark ffb-one-desc-3-1\"><div class=\" ff-richtext\"><\/p>\n<p>[ff_template id='788']<\/p>\n<p><\/div><\/div><\/div><\/div><\/div><\/div><\/section><\/div><\/div><\/div><\/section><style>.ffb-id-3nbsgjto.divider-with-title-1-type > div:before{ \nborder-color:#a88752;\n}\n.ffb-id-3nbsgjto.divider-with-title-1-type > div:after{ \nborder-color:#a88752;\n}\n.ffb-id-3nbsgjto.divider-with-title-1-type > div{ \ncolor:#000000;\n}\n.ffb-id-3nbsgjto{ \nfont-family: 'Montserrat', Arial, sans-serif !important;\n}\n.ffb-id-3nbsgjto:before,\n.ffb-id-3nbsgjto:after,\n.ffb-id-3nbsgjto:hover,\n.ffb-id-3nbsgjto:focus,\n.ffb-id-3nbsgjto *,\n.ffb-id-3nbsgjto *:before,\n.ffb-id-3nbsgjto *:after,\n.ffb-id-3nbsgjto *:hover,\n.ffb-id-3nbsgjto *:focus{ \nfont-family: 'Montserrat', Arial, sans-serif !important;\n}\n.ffb-id-3nbsgjto{ \nfont-size: 35px !important;\nfont-weight: bold !important;\n}\n.ffb-id-3nbsgjto ,\n.ffb-id-3nbsgjto:before,\n.ffb-id-3nbsgjto:after,\n.ffb-id-3nbsgjto:hover,\n.ffb-id-3nbsgjto:focus,\n.ffb-id-3nbsgjto *,\n.ffb-id-3nbsgjto *:before,\n.ffb-id-3nbsgjto *:after,\n.ffb-id-3nbsgjto *:hover,\n.ffb-id-3nbsgjto *:focus{ \nfont-size: 35px !important;\nfont-weight: bold !important;\n}\n@media (min-width:768px) { \n.ffb-id-3nbsgjto{ \nfont-size: 50px !important;\n}\n}@media (min-width:768px) { \n.ffb-id-3nbsgjto ,\n.ffb-id-3nbsgjto:before,\n.ffb-id-3nbsgjto:after,\n.ffb-id-3nbsgjto:hover,\n.ffb-id-3nbsgjto:focus,\n.ffb-id-3nbsgjto *,\n.ffb-id-3nbsgjto *:before,\n.ffb-id-3nbsgjto *:after,\n.ffb-id-3nbsgjto *:hover,\n.ffb-id-3nbsgjto *:focus{ \nfont-size: 50px !important;\n}\n}@media (min-width:1200px) { \n.ffb-id-3nbsgjto{ \nfont-size: 60px !important;\n}\n}@media (min-width:1200px) { \n.ffb-id-3nbsgjto ,\n.ffb-id-3nbsgjto:before,\n.ffb-id-3nbsgjto:after,\n.ffb-id-3nbsgjto:hover,\n.ffb-id-3nbsgjto:focus,\n.ffb-id-3nbsgjto *,\n.ffb-id-3nbsgjto *:before,\n.ffb-id-3nbsgjto *:after,\n.ffb-id-3nbsgjto *:hover,\n.ffb-id-3nbsgjto *:focus{ \nfont-size: 60px !important;\n}\n}.ffb-id-3nbslanc .nav.nav-tabs > li > a{ color:#000000;}.ffb-id-3nbslanc .nav.nav-tabs > li > a:hover{ color:#ffffff;}.ffb-id-3nbslanc .nav.nav-tabs > li.active > a{ color:#ffffff;}.ffb-id-3nbslanc .nav-wrapper{ background-color:rgba(255, 255, 255, 0);}.ffb-id-3nbslanc .nav.nav-tabs > li > a{ background-color:rgba(255, 255, 255, 0);}.ffb-id-3nbslanc .nav.nav-tabs > li a:hover{ background-color:#a88752;}.ffb-id-3nbslanc .nav.nav-tabs > li.active a{ background-color:#a88752;}.ffb-id-3nbslanc .ffb-accordion-1 .ffb-title{ margin-top: 15px;margin-right: 15px;margin-bottom: 15px;margin-left: 15px;}.ffb-id-3nbslanc .ffb-accordion-1 .ffb-title{ border-radius: 40px 40px 40px 40px !important;}.ffb-id-3nbslanc .ffb-accordion-1 .ffb-title{ font-size: 20px !important;font-weight: bold !important;}.ffb-id-3nbslanc .ffb-accordion-1 .ffb-title ,.ffb-id-3nbslanc .ffb-accordion-1 .ffb-title:before,.ffb-id-3nbslanc .ffb-accordion-1 .ffb-title:after,.ffb-id-3nbslanc .ffb-accordion-1 .ffb-title:hover,.ffb-id-3nbslanc .ffb-accordion-1 .ffb-title:focus,.ffb-id-3nbslanc .ffb-accordion-1 .ffb-title *,.ffb-id-3nbslanc .ffb-accordion-1 .ffb-title *:before,.ffb-id-3nbslanc .ffb-accordion-1 .ffb-title *:after,.ffb-id-3nbslanc .ffb-accordion-1 .ffb-title *:hover,.ffb-id-3nbslanc .ffb-accordion-1 .ffb-title *:focus{ font-size: 20px !important;font-weight: bold !important;}.ffb-id-3nbslanc .ffb-accordion-2 .ffb-title{ margin-top: 15px;margin-right: 15px;margin-bottom: 15px;margin-left: 15px;}.ffb-id-3nbslanc .ffb-accordion-2 .ffb-title{ border-radius: 40px 40px 40px 40px !important;}.ffb-id-3nbslanc .ffb-accordion-2 .ffb-title{ font-size: 20px !important;font-weight: bold !important;}.ffb-id-3nbslanc .ffb-accordion-2 .ffb-title ,.ffb-id-3nbslanc .ffb-accordion-2 .ffb-title:before,.ffb-id-3nbslanc .ffb-accordion-2 .ffb-title:after,.ffb-id-3nbslanc .ffb-accordion-2 .ffb-title:hover,.ffb-id-3nbslanc .ffb-accordion-2 .ffb-title:focus,.ffb-id-3nbslanc .ffb-accordion-2 .ffb-title *,.ffb-id-3nbslanc .ffb-accordion-2 .ffb-title *:before,.ffb-id-3nbslanc .ffb-accordion-2 .ffb-title *:after,.ffb-id-3nbslanc .ffb-accordion-2 .ffb-title *:hover,.ffb-id-3nbslanc .ffb-accordion-2 .ffb-title *:focus{ font-size: 20px !important;font-weight: bold !important;}.ffb-id-3nbslanc .ffb-accordion-3 .ffb-title{ margin-top: 15px;margin-right: 15px;margin-bottom: 15px;margin-left: 15px;}.ffb-id-3nbslanc .ffb-accordion-3 .ffb-title{ border-radius: 40px 40px 40px 40px !important;}.ffb-id-3nbslanc .ffb-accordion-3 .ffb-title{ font-size: 20px !important;font-weight: bold !important;}.ffb-id-3nbslanc .ffb-accordion-3 .ffb-title ,.ffb-id-3nbslanc .ffb-accordion-3 .ffb-title:before,.ffb-id-3nbslanc .ffb-accordion-3 .ffb-title:after,.ffb-id-3nbslanc .ffb-accordion-3 .ffb-title:hover,.ffb-id-3nbslanc .ffb-accordion-3 .ffb-title:focus,.ffb-id-3nbslanc .ffb-accordion-3 .ffb-title *,.ffb-id-3nbslanc .ffb-accordion-3 .ffb-title *:before,.ffb-id-3nbslanc .ffb-accordion-3 .ffb-title *:after,.ffb-id-3nbslanc .ffb-accordion-3 .ffb-title *:hover,.ffb-id-3nbslanc .ffb-accordion-3 .ffb-title *:focus{ font-size: 20px !important;font-weight: bold !important;}<\/style><script type=\"text\/javascript\"><\/script><\/p>\n","protected":false},"excerpt":{"rendered":"","protected":false},"author":1,"featured_media":0,"parent":0,"menu_order":0,"comment_status":"closed","ping_status":"closed","template":"","meta":{"footnotes":""},"class_list":["post-1201","page","type-page","status-publish","hentry","post-wrapper"],"_links":{"self":[{"href":"https:\/\/www.hoteldarboven.pl\/en\/wp-json\/wp\/v2\/pages\/1201","targetHints":{"allow":["GET"]}}],"collection":[{"href":"https:\/\/www.hoteldarboven.pl\/en\/wp-json\/wp\/v2\/pages"}],"about":[{"href":"https:\/\/www.hoteldarboven.pl\/en\/wp-json\/wp\/v2\/types\/page"}],"author":[{"embeddable":true,"href":"https:\/\/www.hoteldarboven.pl\/en\/wp-json\/wp\/v2\/users\/1"}],"replies":[{"embeddable":true,"href":"https:\/\/www.hoteldarboven.pl\/en\/wp-json\/wp\/v2\/comments?post=1201"}],"version-history":[{"count":2,"href":"https:\/\/www.hoteldarboven.pl\/en\/wp-json\/wp\/v2\/pages\/1201\/revisions"}],"predecessor-version":[{"id":1315,"href":"https:\/\/www.hoteldarboven.pl\/en\/wp-json\/wp\/v2\/pages\/1201\/revisions\/1315"}],"wp:attachment":[{"href":"https:\/\/www.hoteldarboven.pl\/en\/wp-json\/wp\/v2\/media?parent=1201"}],"curies":[{"name":"wp","href":"https:\/\/api.w.org\/{rel}","templated":true}]}}